{"id":19428,"date":"2022-01-12T11:45:39","date_gmt":"2022-01-12T10:45:39","guid":{"rendered":"https:\/\/objectifboost.com\/?page_id=19428"},"modified":"2025-04-02T13:03:31","modified_gmt":"2025-04-02T11:03:31","slug":"blog-2","status":"publish","type":"page","link":"https:\/\/objectifboost.com\/index.php\/blog-2\/","title":{"rendered":"blog"},"content":{"rendered":"\t\t<div data-elementor-type=\"wp-page\" data-elementor-id=\"19428\" class=\"elementor elementor-19428\" data-elementor-post-type=\"page\">\n\t\t\t\t\t\t<section class=\"elementor-section elementor-top-section elementor-element elementor-element-12af2ec elementor-section-boxed elementor-section-height-default elementor-section-height-default parallax_section_no qode_elementor_container_no\" data-id=\"12af2ec\" data-element_type=\"section\" data-e-type=\"section\">\n\t\t\t\t\t\t<div class=\"elementor-container elementor-column-gap-default\">\n\t\t\t\t\t<div class=\"elementor-column elementor-col-100 elementor-top-column elementor-element elementor-element-413945e\" data-id=\"413945e\" data-element_type=\"column\" data-e-type=\"column\">\n\t\t\t<div class=\"elementor-widget-wrap elementor-element-populated\">\n\t\t\t\t\t\t<div class=\"elementor-element elementor-element-6b87567 elementor-widget elementor-widget-qi_addons_for_elementor_blog_list\" data-id=\"6b87567\" data-element_type=\"widget\" data-e-type=\"widget\" data-widget_type=\"qi_addons_for_elementor_blog_list.default\">\n\t\t\t\t<div class=\"elementor-widget-container\">\n\t\t\t\t\t<div class=\"qodef-shortcode qodef-m qodef-addons-blog-list qodef--list qodef-info-no-icons qodef-image--hover-zoom qodef-qi-grid qodef-layout--qi-masonry qodef-col-num--3 qodef-item-layout--standard qodef-responsive--predefined\" >\n\t<div class=\"qodef-grid-inner\">\n\t\t\t<div class=\"qodef-qi-grid-masonry-sizer\"><\/div>\n<article class=\"qodef-e qodef-blog-item qodef-grid-item post-20583 post type-post status-publish format-standard has-post-thumbnail hentry category-bilan-de-competence category-tendances-rh\">\n\t<div class=\"qodef-e-inner\">\n\t\t<div class=\"qodef-e-media\">\n\t\t<div class=\"qodef-e-media-image\">\n\t\t<a itemprop=\"url\" href=\"https:\/\/objectifboost.com\/index.php\/2025\/04\/01\/recruter_candidat_en_reconversion_professionnelle\/\">\n\t\t\t<img fetchpriority=\"high\" decoding=\"async\" width=\"275\" height=\"183\" src=\"https:\/\/objectifboost.com\/wp-content\/uploads\/2025\/04\/reconversion-pro.jpg\" class=\"attachment- size-\" alt=\"\" \/>\t\t<\/a>\n\t\t\t<\/div>\n<\/div>\n\t\t<div class=\"qodef-e-content\">\n\t\t\t\t\t\t\t<div class=\"qodef-e-info qodef-info--top\">\n\t\t\t\t\t<div itemprop=\"dateCreated\" class=\"qodef-e-info-item qodef-e-info-date entry-date \">\n\t<a itemprop=\"url\" href=\"https:\/\/objectifboost.com\/index.php\/2025\/04\/\">\n\t\t\t\t1 avril 2025\t<\/a>\n<\/div>\n<div class=\"qodef-e-info-item qodef-e-info-category\">\n\t\t<a href=\"https:\/\/objectifboost.com\/index.php\/category\/bilan-de-competence\/\" rel=\"category tag\">BILAN DE COMPETENCE<\/a><span class=\"qodef-category-separator\"><\/span><a href=\"https:\/\/objectifboost.com\/index.php\/category\/tendances-rh\/\" rel=\"category tag\">TENDANCES RH<\/a><\/div>\n\t\t\t\t<\/div>\n\t\t\t\t\t\t<div class=\"qodef-e-text\">\n\t\t\t\t<h5 itemprop=\"name\" class=\"qodef-e-title entry-title\">\n\t<a itemprop=\"url\" class=\"qodef-e-title-link\" href=\"https:\/\/objectifboost.com\/index.php\/2025\/04\/01\/recruter_candidat_en_reconversion_professionnelle\/\">\n\t\tRECRUTER DES CANDIDATS EN RECONVERSION PROFESSIONNELLE\t<\/a>\n<\/h5>\n\t\t<p itemprop=\"description\" class=\"qodef-e-excerpt\">\n\t\t\tEn 2025, la reconversion professionnelle s\u2019impose comme un chemin de plus en plus emprunt\u00e9, et ce m\u00eame en dehors de la crise de la quarantaine !\nPour autant, de nombreux employeurs h\u00e9sitent encore \u00e0 recruter des profils en reconversion\u2026\t\t<\/p>\n\t\t\t\t<\/div>\n\t\t\t\t\t<\/div>\n\t<\/div>\n<\/article>\n<article class=\"qodef-e qodef-blog-item qodef-grid-item post-5 post type-post status-publish format-standard has-post-thumbnail hentry category-bilan-de-competence category-conseil-rh\">\n\t<div class=\"qodef-e-inner\">\n\t\t<div class=\"qodef-e-media\">\n\t\t<div class=\"qodef-e-media-image\">\n\t\t<a itemprop=\"url\" href=\"https:\/\/objectifboost.com\/index.php\/2022\/01\/14\/pourquoi_faire_appel_cabinet_conseil_rh\/\">\n\t\t\t<img decoding=\"async\" width=\"605\" height=\"403\" src=\"https:\/\/objectifboost.com\/wp-content\/uploads\/2021\/11\/article-2.jpg\" class=\"attachment- size-\" alt=\"\" srcset=\"https:\/\/objectifboost.com\/wp-content\/uploads\/2021\/11\/article-2.jpg 605w, https:\/\/objectifboost.com\/wp-content\/uploads\/2021\/11\/article-2-300x200.jpg 300w\" sizes=\"(max-width: 605px) 100vw, 605px\" \/>\t\t<\/a>\n\t\t\t<\/div>\n<\/div>\n\t\t<div class=\"qodef-e-content\">\n\t\t\t\t\t\t\t<div class=\"qodef-e-info qodef-info--top\">\n\t\t\t\t\t<div itemprop=\"dateCreated\" class=\"qodef-e-info-item qodef-e-info-date entry-date \">\n\t<a itemprop=\"url\" href=\"https:\/\/objectifboost.com\/index.php\/2022\/01\/\">\n\t\t\t\t14 janvier 2022\t<\/a>\n<\/div>\n<div class=\"qodef-e-info-item qodef-e-info-category\">\n\t\t<a href=\"https:\/\/objectifboost.com\/index.php\/category\/bilan-de-competence\/\" rel=\"category tag\">BILAN DE COMPETENCE<\/a><span class=\"qodef-category-separator\"><\/span><a href=\"https:\/\/objectifboost.com\/index.php\/category\/conseil-rh\/\" rel=\"category tag\">CONSEIL RH<\/a><\/div>\n\t\t\t\t<\/div>\n\t\t\t\t\t\t<div class=\"qodef-e-text\">\n\t\t\t\t<h5 itemprop=\"name\" class=\"qodef-e-title entry-title\">\n\t<a itemprop=\"url\" class=\"qodef-e-title-link\" href=\"https:\/\/objectifboost.com\/index.php\/2022\/01\/14\/pourquoi_faire_appel_cabinet_conseil_rh\/\">\n\t\tCOACHING OU BILAN DE COMPETENCES : COMMENT CHOISIR (PARTIE 2) ?\t<\/a>\n<\/h5>\n\t\t<p itemprop=\"description\" class=\"qodef-e-excerpt\">\n\t\t\tPour faire suite \u00e0 mon pr\u00e9c\u00e9dent article, je vous parle cette fois du coaching professionnel et tout particuli\u00e8rement du Coaching de Transition.\nDu Coaching ? \u00e7a consiste en quoi exactement ?...\t\t<\/p>\n\t\t\t\t<\/div>\n\t\t\t\t\t<\/div>\n\t<\/div>\n<\/article>\n<article class=\"qodef-e qodef-blog-item qodef-grid-item post-19355 post type-post status-publish format-standard has-post-thumbnail hentry category-bilan-de-competence category-coaching category-conseil-rh\">\n\t<div class=\"qodef-e-inner\">\n\t\t<div class=\"qodef-e-media\">\n\t\t<div class=\"qodef-e-media-image\">\n\t\t<a itemprop=\"url\" href=\"https:\/\/objectifboost.com\/index.php\/2022\/01\/04\/coaching-ou-bilan-de-competences-comment-choisir-partie-1\/\">\n\t\t\t<img decoding=\"async\" width=\"522\" height=\"348\" src=\"https:\/\/objectifboost.com\/wp-content\/uploads\/2021\/10\/article-1.jpg\" class=\"attachment- size-\" alt=\"\" srcset=\"https:\/\/objectifboost.com\/wp-content\/uploads\/2021\/10\/article-1.jpg 522w, https:\/\/objectifboost.com\/wp-content\/uploads\/2021\/10\/article-1-300x200.jpg 300w\" sizes=\"(max-width: 522px) 100vw, 522px\" \/>\t\t<\/a>\n\t\t\t<\/div>\n<\/div>\n\t\t<div class=\"qodef-e-content\">\n\t\t\t\t\t\t\t<div class=\"qodef-e-info qodef-info--top\">\n\t\t\t\t\t<div itemprop=\"dateCreated\" class=\"qodef-e-info-item qodef-e-info-date entry-date \">\n\t<a itemprop=\"url\" href=\"https:\/\/objectifboost.com\/index.php\/2022\/01\/\">\n\t\t\t\t4 janvier 2022\t<\/a>\n<\/div>\n<div class=\"qodef-e-info-item qodef-e-info-category\">\n\t\t<a href=\"https:\/\/objectifboost.com\/index.php\/category\/bilan-de-competence\/\" rel=\"category tag\">BILAN DE COMPETENCE<\/a><span class=\"qodef-category-separator\"><\/span><a href=\"https:\/\/objectifboost.com\/index.php\/category\/coaching\/\" rel=\"category tag\">COACHING<\/a><span class=\"qodef-category-separator\"><\/span><a href=\"https:\/\/objectifboost.com\/index.php\/category\/conseil-rh\/\" rel=\"category tag\">CONSEIL RH<\/a><\/div>\n\t\t\t\t<\/div>\n\t\t\t\t\t\t<div class=\"qodef-e-text\">\n\t\t\t\t<h5 itemprop=\"name\" class=\"qodef-e-title entry-title\">\n\t<a itemprop=\"url\" class=\"qodef-e-title-link\" href=\"https:\/\/objectifboost.com\/index.php\/2022\/01\/04\/coaching-ou-bilan-de-competences-comment-choisir-partie-1\/\">\n\t\tCOACHING OU BILAN DE COMPETENCES : COMMENT CHOISIR (PARTIE 1) ?\t<\/a>\n<\/h5>\n\t\t<p itemprop=\"description\" class=\"qodef-e-excerpt\">\n\t\t\tCa y est, c\u2019est d\u00e9cid\u00e9 ! 2022 sera l\u2019ann\u00e9e du renouveau pour vous !\nCela fait trop longtemps que, chaque jour, la m\u00eame question tourne dans votre t\u00eate : \u00ab je sais que ce que je fais ne me pla\u00eet plus, mais quel nouveau tournant professionnel prendre, et par quoi commencer ? \u00bb ...\t\t<\/p>\n\t\t\t\t<\/div>\n\t\t\t\t\t<\/div>\n\t<\/div>\n<\/article>\n\t<\/div>\n\t<\/div>\n\t\t\t\t<\/div>\n\t\t\t\t<\/div>\n\t\t\t\t\t<\/div>\n\t\t<\/div>\n\t\t\t\t\t<\/div>\n\t\t<\/section>\n\t\t\t\t<section class=\"elementor-section elementor-top-section elementor-element elementor-element-81484d1 elementor-section-boxed elementor-section-height-default elementor-section-height-default parallax_section_no qode_elementor_container_no\" data-id=\"81484d1\" data-element_type=\"section\" data-e-type=\"section\">\n\t\t\t\t\t\t<div class=\"elementor-container elementor-column-gap-default\">\n\t\t\t\t\t<div class=\"elementor-column elementor-col-100 elementor-top-column elementor-element elementor-element-070b4b1\" data-id=\"070b4b1\" data-element_type=\"column\" data-e-type=\"column\">\n\t\t\t<div class=\"elementor-widget-wrap elementor-element-populated\">\n\t\t\t\t\t\t<div class=\"elementor-element elementor-element-6a8089a elementor-widget elementor-widget-spacer\" data-id=\"6a8089a\" data-element_type=\"widget\" data-e-type=\"widget\" data-widget_type=\"spacer.default\">\n\t\t\t\t<div class=\"elementor-widget-container\">\n\t\t\t\t\t\t\t<div class=\"elementor-spacer\">\n\t\t\t<div class=\"elementor-spacer-inner\"><\/div>\n\t\t<\/div>\n\t\t\t\t\t\t<\/div>\n\t\t\t\t<\/div>\n\t\t\t\t\t<\/div>\n\t\t<\/div>\n\t\t\t\t\t<\/div>\n\t\t<\/section>\n\t\t\t\t<\/div>\n\t\t","protected":false},"excerpt":{"rendered":"<p>1 avril 2025 BILAN DE COMPETENCETENDANCES RH RECRUTER DES CANDIDATS EN RECONVERSION PROFESSIONNELLE En 2025, la reconversion professionnelle s\u2019impose comme un chemin de plus en plus emprunt\u00e9, et ce m\u00eame en dehors de la crise de la quarantaine ! Pour autant, de nombreux employeurs h\u00e9sitent encore \u00e0 recruter des profils en reconversion\u2026 14 janvier 2022 BILAN DE COMPETENCECONSEIL RH COACHING&#8230;<\/p>\n","protected":false},"author":2,"featured_media":0,"parent":0,"menu_order":0,"comment_status":"closed","ping_status":"closed","template":"","meta":{"footnotes":""},"class_list":["post-19428","page","type-page","status-publish","hentry"],"yoast_head":"<!-- This site is optimized with the Yoast SEO plugin v27.3 - https:\/\/yoast.com\/product\/yoast-seo-wordpress\/ -->\n<title>blog - Objectif Boost<\/title>\n<meta name=\"robots\" content=\"index, follow, max-snippet:-1, max-image-preview:large, max-video-preview:-1\" \/>\n<link rel=\"canonical\" href=\"https:\/\/objectifboost.com\/index.php\/blog-2\/\" \/>\n<meta property=\"og:locale\" content=\"fr_FR\" \/>\n<meta property=\"og:type\" content=\"article\" \/>\n<meta property=\"og:title\" content=\"blog - Objectif Boost\" \/>\n<meta property=\"og:description\" content=\"1 avril 2025 BILAN DE COMPETENCETENDANCES RH RECRUTER DES CANDIDATS EN RECONVERSION PROFESSIONNELLE En 2025, la reconversion professionnelle s\u2019impose comme un chemin de plus en plus emprunt\u00e9, et ce m\u00eame en dehors de la crise de la quarantaine ! Pour autant, de nombreux employeurs h\u00e9sitent encore \u00e0 recruter des profils en reconversion\u2026 14 janvier 2022 BILAN DE COMPETENCECONSEIL RH COACHING...\" \/>\n<meta property=\"og:url\" content=\"https:\/\/objectifboost.com\/index.php\/blog-2\/\" \/>\n<meta property=\"og:site_name\" content=\"Objectif Boost\" \/>\n<meta property=\"article:modified_time\" content=\"2025-04-02T11:03:31+00:00\" \/>\n<meta property=\"og:image\" content=\"https:\/\/objectifboost.com\/wp-content\/uploads\/2025\/04\/reconversion-pro.jpg\" \/>\n<meta name=\"twitter:card\" content=\"summary_large_image\" \/>\n<meta name=\"twitter:label1\" content=\"Dur\u00e9e de lecture estim\u00e9e\" \/>\n\t<meta name=\"twitter:data1\" content=\"2 minutes\" \/>\n<script type=\"application\/ld+json\" class=\"yoast-schema-graph\">{\"@context\":\"https:\\\/\\\/schema.org\",\"@graph\":[{\"@type\":\"WebPage\",\"@id\":\"https:\\\/\\\/objectifboost.com\\\/index.php\\\/blog-2\\\/\",\"url\":\"https:\\\/\\\/objectifboost.com\\\/index.php\\\/blog-2\\\/\",\"name\":\"blog - Objectif Boost\",\"isPartOf\":{\"@id\":\"https:\\\/\\\/objectifboost.com\\\/#website\"},\"primaryImageOfPage\":{\"@id\":\"https:\\\/\\\/objectifboost.com\\\/index.php\\\/blog-2\\\/#primaryimage\"},\"image\":{\"@id\":\"https:\\\/\\\/objectifboost.com\\\/index.php\\\/blog-2\\\/#primaryimage\"},\"thumbnailUrl\":\"https:\\\/\\\/objectifboost.com\\\/wp-content\\\/uploads\\\/2025\\\/04\\\/reconversion-pro.jpg\",\"datePublished\":\"2022-01-12T10:45:39+00:00\",\"dateModified\":\"2025-04-02T11:03:31+00:00\",\"breadcrumb\":{\"@id\":\"https:\\\/\\\/objectifboost.com\\\/index.php\\\/blog-2\\\/#breadcrumb\"},\"inLanguage\":\"fr-FR\",\"potentialAction\":[{\"@type\":\"ReadAction\",\"target\":[\"https:\\\/\\\/objectifboost.com\\\/index.php\\\/blog-2\\\/\"]}]},{\"@type\":\"ImageObject\",\"inLanguage\":\"fr-FR\",\"@id\":\"https:\\\/\\\/objectifboost.com\\\/index.php\\\/blog-2\\\/#primaryimage\",\"url\":\"https:\\\/\\\/objectifboost.com\\\/wp-content\\\/uploads\\\/2025\\\/04\\\/reconversion-pro.jpg\",\"contentUrl\":\"https:\\\/\\\/objectifboost.com\\\/wp-content\\\/uploads\\\/2025\\\/04\\\/reconversion-pro.jpg\",\"width\":275,\"height\":183},{\"@type\":\"BreadcrumbList\",\"@id\":\"https:\\\/\\\/objectifboost.com\\\/index.php\\\/blog-2\\\/#breadcrumb\",\"itemListElement\":[{\"@type\":\"ListItem\",\"position\":1,\"name\":\"Accueil\",\"item\":\"https:\\\/\\\/objectifboost.com\\\/\"},{\"@type\":\"ListItem\",\"position\":2,\"name\":\"blog\"}]},{\"@type\":\"WebSite\",\"@id\":\"https:\\\/\\\/objectifboost.com\\\/#website\",\"url\":\"https:\\\/\\\/objectifboost.com\\\/\",\"name\":\"Objectif Boost\",\"description\":\"Bilan de comp\u00e9tences - Coaching professionnel - Prestations RH - Coaching de managers - Formations \",\"publisher\":{\"@id\":\"https:\\\/\\\/objectifboost.com\\\/#organization\"},\"potentialAction\":[{\"@type\":\"SearchAction\",\"target\":{\"@type\":\"EntryPoint\",\"urlTemplate\":\"https:\\\/\\\/objectifboost.com\\\/?s={search_term_string}\"},\"query-input\":{\"@type\":\"PropertyValueSpecification\",\"valueRequired\":true,\"valueName\":\"search_term_string\"}}],\"inLanguage\":\"fr-FR\"},{\"@type\":\"Organization\",\"@id\":\"https:\\\/\\\/objectifboost.com\\\/#organization\",\"name\":\"Objectif boost\",\"url\":\"https:\\\/\\\/objectifboost.com\\\/\",\"logo\":{\"@type\":\"ImageObject\",\"inLanguage\":\"fr-FR\",\"@id\":\"https:\\\/\\\/objectifboost.com\\\/#\\\/schema\\\/logo\\\/image\\\/\",\"url\":\"https:\\\/\\\/objectifboost.com\\\/wp-content\\\/uploads\\\/2021\\\/10\\\/Objectif-Boost-Logo.jpg\",\"contentUrl\":\"https:\\\/\\\/objectifboost.com\\\/wp-content\\\/uploads\\\/2021\\\/10\\\/Objectif-Boost-Logo.jpg\",\"width\":2537,\"height\":1425,\"caption\":\"Objectif boost\"},\"image\":{\"@id\":\"https:\\\/\\\/objectifboost.com\\\/#\\\/schema\\\/logo\\\/image\\\/\"}}]}<\/script>\n<!-- \/ Yoast SEO plugin. -->","yoast_head_json":{"title":"blog - Objectif Boost","robots":{"index":"index","follow":"follow","max-snippet":"max-snippet:-1","max-image-preview":"max-image-preview:large","max-video-preview":"max-video-preview:-1"},"canonical":"https:\/\/objectifboost.com\/index.php\/blog-2\/","og_locale":"fr_FR","og_type":"article","og_title":"blog - Objectif Boost","og_description":"1 avril 2025 BILAN DE COMPETENCETENDANCES RH RECRUTER DES CANDIDATS EN RECONVERSION PROFESSIONNELLE En 2025, la reconversion professionnelle s\u2019impose comme un chemin de plus en plus emprunt\u00e9, et ce m\u00eame en dehors de la crise de la quarantaine ! Pour autant, de nombreux employeurs h\u00e9sitent encore \u00e0 recruter des profils en reconversion\u2026 14 janvier 2022 BILAN DE COMPETENCECONSEIL RH COACHING...","og_url":"https:\/\/objectifboost.com\/index.php\/blog-2\/","og_site_name":"Objectif Boost","article_modified_time":"2025-04-02T11:03:31+00:00","og_image":[{"url":"https:\/\/objectifboost.com\/wp-content\/uploads\/2025\/04\/reconversion-pro.jpg","type":"","width":"","height":""}],"twitter_card":"summary_large_image","twitter_misc":{"Dur\u00e9e de lecture estim\u00e9e":"2 minutes"},"schema":{"@context":"https:\/\/schema.org","@graph":[{"@type":"WebPage","@id":"https:\/\/objectifboost.com\/index.php\/blog-2\/","url":"https:\/\/objectifboost.com\/index.php\/blog-2\/","name":"blog - Objectif Boost","isPartOf":{"@id":"https:\/\/objectifboost.com\/#website"},"primaryImageOfPage":{"@id":"https:\/\/objectifboost.com\/index.php\/blog-2\/#primaryimage"},"image":{"@id":"https:\/\/objectifboost.com\/index.php\/blog-2\/#primaryimage"},"thumbnailUrl":"https:\/\/objectifboost.com\/wp-content\/uploads\/2025\/04\/reconversion-pro.jpg","datePublished":"2022-01-12T10:45:39+00:00","dateModified":"2025-04-02T11:03:31+00:00","breadcrumb":{"@id":"https:\/\/objectifboost.com\/index.php\/blog-2\/#breadcrumb"},"inLanguage":"fr-FR","potentialAction":[{"@type":"ReadAction","target":["https:\/\/objectifboost.com\/index.php\/blog-2\/"]}]},{"@type":"ImageObject","inLanguage":"fr-FR","@id":"https:\/\/objectifboost.com\/index.php\/blog-2\/#primaryimage","url":"https:\/\/objectifboost.com\/wp-content\/uploads\/2025\/04\/reconversion-pro.jpg","contentUrl":"https:\/\/objectifboost.com\/wp-content\/uploads\/2025\/04\/reconversion-pro.jpg","width":275,"height":183},{"@type":"BreadcrumbList","@id":"https:\/\/objectifboost.com\/index.php\/blog-2\/#breadcrumb","itemListElement":[{"@type":"ListItem","position":1,"name":"Accueil","item":"https:\/\/objectifboost.com\/"},{"@type":"ListItem","position":2,"name":"blog"}]},{"@type":"WebSite","@id":"https:\/\/objectifboost.com\/#website","url":"https:\/\/objectifboost.com\/","name":"Objectif Boost","description":"Bilan de comp\u00e9tences - Coaching professionnel - Prestations RH - Coaching de managers - Formations ","publisher":{"@id":"https:\/\/objectifboost.com\/#organization"},"potentialAction":[{"@type":"SearchAction","target":{"@type":"EntryPoint","urlTemplate":"https:\/\/objectifboost.com\/?s={search_term_string}"},"query-input":{"@type":"PropertyValueSpecification","valueRequired":true,"valueName":"search_term_string"}}],"inLanguage":"fr-FR"},{"@type":"Organization","@id":"https:\/\/objectifboost.com\/#organization","name":"Objectif boost","url":"https:\/\/objectifboost.com\/","logo":{"@type":"ImageObject","inLanguage":"fr-FR","@id":"https:\/\/objectifboost.com\/#\/schema\/logo\/image\/","url":"https:\/\/objectifboost.com\/wp-content\/uploads\/2021\/10\/Objectif-Boost-Logo.jpg","contentUrl":"https:\/\/objectifboost.com\/wp-content\/uploads\/2021\/10\/Objectif-Boost-Logo.jpg","width":2537,"height":1425,"caption":"Objectif boost"},"image":{"@id":"https:\/\/objectifboost.com\/#\/schema\/logo\/image\/"}}]}},"_links":{"self":[{"href":"https:\/\/objectifboost.com\/index.php\/wp-json\/wp\/v2\/pages\/19428","targetHints":{"allow":["GET"]}}],"collection":[{"href":"https:\/\/objectifboost.com\/index.php\/wp-json\/wp\/v2\/pages"}],"about":[{"href":"https:\/\/objectifboost.com\/index.php\/wp-json\/wp\/v2\/types\/page"}],"author":[{"embeddable":true,"href":"https:\/\/objectifboost.com\/index.php\/wp-json\/wp\/v2\/users\/2"}],"replies":[{"embeddable":true,"href":"https:\/\/objectifboost.com\/index.php\/wp-json\/wp\/v2\/comments?post=19428"}],"version-history":[{"count":0,"href":"https:\/\/objectifboost.com\/index.php\/wp-json\/wp\/v2\/pages\/19428\/revisions"}],"wp:attachment":[{"href":"https:\/\/objectifboost.com\/index.php\/wp-json\/wp\/v2\/media?parent=19428"}],"curies":[{"name":"wp","href":"https:\/\/api.w.org\/{rel}","templated":true}]}}